{"id":7409,"date":"2023-12-13T16:15:46","date_gmt":"2023-12-13T16:15:46","guid":{"rendered":"https:\/\/aseva.be\/principes-generaux\/"},"modified":"2024-02-28T14:17:30","modified_gmt":"2024-02-28T14:17:30","slug":"principes-generaux","status":"publish","type":"page","link":"https:\/\/aseva.be\/fr\/gestion-de-crise\/principes-generaux\/","title":{"rendered":"Principes g\u00e9n\u00e9raux"},"content":{"rendered":"<div class=\"container small_margin \" id=\"aseva-yellow-text-blocks-block_16ba50fdfa069994e25b05db255273b2\">\n    <div class=\"container-box\" id=\"\">\n        <div class=\"grid-container image_left\">\n            <div class=\"text-columns\">\n                <div class=\"filter shape_image\">\n                    <img decoding=\"async\" class=\"image\" src=\"https:\/\/aseva.be\/wp-content\/uploads\/2023\/12\/iStock-1197308344-scaled.jpeg\" alt=\"\">\n                <\/div>\n            <\/div>\n            <div class=\"text-columns grid_text_block\">\n                <h2 class=\"small_margin yellow_text_block_title_margin\">Le march\u00e9 p\u00e9trolier dans des conditions de march\u00e9 normales<\/h2>\n                <p class=\"small_margin\"><p>Le march\u00e9 p\u00e9trolier belge est un march\u00e9 lib\u00e9ralis\u00e9, r\u00e9gi par l&rsquo;offre et la demande. Dans des conditions de march\u00e9 normales, la diversification de notre approvisionnement en p\u00e9trole brut et en produits p\u00e9troliers est donc laiss\u00e9e au choix des compagnies p\u00e9troli\u00e8res actives sur le march\u00e9 belge.<\/p>\n<p>Le Gouvernement encadre n\u00e9anmoins le march\u00e9 p\u00e9trolier par des mesures d&rsquo;accompagnement dans le domaine de l&rsquo;efficacit\u00e9 \u00e9nerg\u00e9tique, de la durabilit\u00e9 et des prix plafonn\u00e9s pour certains produits finis.<\/p>\n<p>La Direction G\u00e9n\u00e9rale Energie du SPF Economie assure un suivi permanent des march\u00e9s p\u00e9troliers. Les \u00e9ventuelles perturbations du march\u00e9 belge peuvent ainsi \u00eatre retrac\u00e9es et \u00e9valu\u00e9es, ce qui permet de r\u00e9agir rapidement \u00e0 une \u00e9ventuelle crise p\u00e9troli\u00e8re.<\/p>\n<\/p>\n            <\/div>\n        <\/div>\n    <\/div>\n    <div class=\"container-box\">\n<\/div>\n<\/div>\n\n<div class=\"container small_margin \" id=\"aseva-yellow-text-blocks-block_b4db82e708d2f9bb3382610077a14c93\">\n    <div class=\"container-box\" id=\"\">\n        <div class=\"grid-container image_right\">\n            <div class=\"text-columns\">\n                <div class=\"filter shape_image\">\n                    <img decoding=\"async\" class=\"image\" src=\"https:\/\/aseva.be\/wp-content\/uploads\/2024\/02\/Picture-032-scaled.jpg\" alt=\"\">\n                <\/div>\n            <\/div>\n            <div class=\"text-columns grid_text_block\">\n                <h2 class=\"small_margin yellow_text_block_title_margin\">Qu&rsquo;est-ce qu&rsquo;une crise \u00e9nerg\u00e9tique ?<\/h2>\n                <p class=\"small_margin\"><p>La Loi du 21 d\u00e9cembre 2023 d\u00e9finit la crise \u00e9nerg\u00e9tique comme une situation d&rsquo;urgence au sens de l&rsquo;article 1er, 3\u00b0, de l&rsquo; <a href=\"http:\/\/www.ejustice.just.fgov.be\/eli\/arrete\/2019\/05\/22\/2019013001\/justel\">Arr\u00eat\u00e9 royal du 22 mai 2019 relatif aux plans d&rsquo;urgence<\/a> ou toute autre situation qui contribue ou peut contribuer \u00e0 une crise d&rsquo;approvisionnement \u00e9nerg\u00e9tique, li\u00e9e ou non \u00e0 une crise d&rsquo;approvisionnement p\u00e9trolier, \u00e0 l&rsquo;\u00e9chelle internationale, nationale ou locale, telle que reconnue par le Ministre.<\/p>\n<\/p>\n            <\/div>\n        <\/div>\n    <\/div>\n    <div class=\"container-box\">\n<\/div>\n<\/div>","protected":false},"excerpt":{"rendered":"","protected":false},"author":2,"featured_media":0,"parent":7438,"menu_order":0,"comment_status":"closed","ping_status":"closed","template":"","meta":{"_acf_changed":false,"footnotes":""},"class_list":["post-7409","page","type-page","status-publish","hentry"],"acf":[],"_links":{"self":[{"href":"https:\/\/aseva.be\/fr\/wp-json\/wp\/v2\/pages\/7409","targetHints":{"allow":["GET"]}}],"collection":[{"href":"https:\/\/aseva.be\/fr\/wp-json\/wp\/v2\/pages"}],"about":[{"href":"https:\/\/aseva.be\/fr\/wp-json\/wp\/v2\/types\/page"}],"author":[{"embeddable":true,"href":"https:\/\/aseva.be\/fr\/wp-json\/wp\/v2\/users\/2"}],"replies":[{"embeddable":true,"href":"https:\/\/aseva.be\/fr\/wp-json\/wp\/v2\/comments?post=7409"}],"version-history":[{"count":6,"href":"https:\/\/aseva.be\/fr\/wp-json\/wp\/v2\/pages\/7409\/revisions"}],"predecessor-version":[{"id":8462,"href":"https:\/\/aseva.be\/fr\/wp-json\/wp\/v2\/pages\/7409\/revisions\/8462"}],"up":[{"embeddable":true,"href":"https:\/\/aseva.be\/fr\/wp-json\/wp\/v2\/pages\/7438"}],"wp:attachment":[{"href":"https:\/\/aseva.be\/fr\/wp-json\/wp\/v2\/media?parent=7409"}],"curies":[{"name":"wp","href":"https:\/\/api.w.org\/{rel}","templated":true}]}}