{"id":7323,"date":"2023-12-13T16:04:44","date_gmt":"2023-12-13T16:04:44","guid":{"rendered":"https:\/\/aseva.be\/informations-financieres\/contribution\/"},"modified":"2026-03-16T13:20:04","modified_gmt":"2026-03-16T13:20:04","slug":"contribution","status":"publish","type":"page","link":"https:\/\/aseva.be\/fr\/informations-financieres\/contribution\/","title":{"rendered":"Contribution"},"content":{"rendered":"<div class=\"container \" id=\"heading-block-block_0cefc65968fa3169bc3067ab4e71f008\">\n    <h2>La contribution d&rsquo;ASEVA<\/h2>\n<\/div>\n\n<div class=\"container \" id=\"bijdrage-block-block_99cf2ab677fc9614a3d024c383d84ef6\">\n    <h3 style=\"margin-top:1rem;\" class=\"small_margin\">Quel est le montant de la contribution ?<\/h3>\n    <div class=\"container-box-shadow\">\n        <div class=\"grid-container\">\n            <div class=\"contribution_list_container\">\n                <span style=\"display: flex; margin: 1rem;\"><p class=\"contribution_table_title\">Cat\u00e9gorie de produit<\/p><p class=\"contribution_table_title\">Prix<\/p><\/span>\n                <ul class=\"column_margin_right grid-columns\" style=\"width: auto; margin: 0; padding: 0;\">\n                                            <li>\n                            <h4 class=\"contribution_list_h4\">Cat\u00e9gorie de produit<\/h4>\n                            <p class=\"contribution_list_paragraph\">cat I<\/p>\n                            <h4 class=\"contribution_list_h4\">Prix<\/h4>\n                            <p class=\"contribution_list_paragraph\">10,25 Euro \/ 1.000 Litres<\/p>\n                        <\/li>\n                                            <li>\n                            <h4 class=\"contribution_list_h4\">Cat\u00e9gorie de produit<\/h4>\n                            <p class=\"contribution_list_paragraph\">cat II<\/p>\n                            <h4 class=\"contribution_list_h4\">Prix<\/h4>\n                            <p class=\"contribution_list_paragraph\">11,68 Euro \/ 1.000 Litres<\/p>\n                        <\/li>\n                                            <li>\n                            <h4 class=\"contribution_list_h4\">Cat\u00e9gorie de produit<\/h4>\n                            <p class=\"contribution_list_paragraph\">K\u00e9ros\u00e8ne d&rsquo;aviation (vols charters, cargo et passagers) <\/p>\n                            <h4 class=\"contribution_list_h4\">Prix<\/h4>\n                            <p class=\"contribution_list_paragraph\">5,84 Euro \/ 1.000 Litres<\/p>\n                        <\/li>\n                                            <li>\n                            <h4 class=\"contribution_list_h4\">Cat\u00e9gorie de produit<\/h4>\n                            <p class=\"contribution_list_paragraph\">cat III<\/p>\n                            <h4 class=\"contribution_list_h4\">Prix<\/h4>\n                            <p class=\"contribution_list_paragraph\">7,88 Euro \/ tonne<\/p>\n                        <\/li>\n                                    <\/ul>\n            <\/div>\n        <\/div>\n        <p class=\"bijdrage-info\">Contribution applicable du 1er Avril 2026 au 30 Juin 2026. (Source : SPF Economie, PME, Classes moyennes et Energie)\r\n<\/p>\n    <\/div>\n<\/div>\n\n<div class=\"container \" id=\"bijdrage-block-block_6a44f980cc3c47dbd90bb870114044ea\">\n    <h3 style=\"margin-top:1rem;\" class=\"small_margin\"><\/h3>\n    <div class=\"container-box-shadow\">\n        <div class=\"grid-container\">\n            <div class=\"contribution_list_container\">\n                <span style=\"display: flex; margin: 1rem;\"><p class=\"contribution_table_title\">Cat\u00e9gorie de produit<\/p><p class=\"contribution_table_title\">Prix<\/p><\/span>\n                <ul class=\"column_margin_right grid-columns\" style=\"width: auto; margin: 0; padding: 0;\">\n                                            <li>\n                            <h4 class=\"contribution_list_h4\">Cat\u00e9gorie de produit<\/h4>\n                            <p class=\"contribution_list_paragraph\">cat I<\/p>\n                            <h4 class=\"contribution_list_h4\">Prix<\/h4>\n                            <p class=\"contribution_list_paragraph\">10,86 Euro \/ 1.000 Litres<\/p>\n                        <\/li>\n                                            <li>\n                            <h4 class=\"contribution_list_h4\">Cat\u00e9gorie de produit<\/h4>\n                            <p class=\"contribution_list_paragraph\">cat II<\/p>\n                            <h4 class=\"contribution_list_h4\">Prix<\/h4>\n                            <p class=\"contribution_list_paragraph\">12,02 Euro \/ 1.000 Litres<\/p>\n                        <\/li>\n                                            <li>\n                            <h4 class=\"contribution_list_h4\">Cat\u00e9gorie de produit<\/h4>\n                            <p class=\"contribution_list_paragraph\">carbur\u00e9acteur pour le transport a\u00e9rien (vols charters, cargos et passagers)<\/p>\n                            <h4 class=\"contribution_list_h4\">Prix<\/h4>\n                            <p class=\"contribution_list_paragraph\">6,01 Euro \/ 1.000 Litres<\/p>\n                        <\/li>\n                                            <li>\n                            <h4 class=\"contribution_list_h4\">Cat\u00e9gorie de produit<\/h4>\n                            <p class=\"contribution_list_paragraph\">cat III<\/p>\n                            <h4 class=\"contribution_list_h4\">Prix<\/h4>\n                            <p class=\"contribution_list_paragraph\">8,37 Euro \/ tonne<\/p>\n                        <\/li>\n                                    <\/ul>\n            <\/div>\n        <\/div>\n        <p class=\"bijdrage-info\">Contribution applicable du 1er Janvier 2026 au 31 Mars 2026. (Source : SPF Economie, PME, Classes moyennes et Energie)\r\n\r\n<\/p>\n    <\/div>\n<\/div>\n\n<div class=\"container \" id=\"aseva-heading-h-three-block_b87730318dfae462e51986e953e4fb4f\">\n    <h3>Sur quels produits p\u00e9troliers la contribution est-elle applicable ?<\/h3>\n<\/div>\n\n<div class=\"container \" id=\"bijdrage-block-three-col-block_e293716ae1e37e915c6854cc230b9e84\">\n    <h3 style=\"margin-top:1rem;\" class=\"small_margin\"><\/h3>\n    <div class=\"container-box-shadow\">\n        <div class=\"grid-container\">\n            <div class=\"contribution_list_container\"><span style=\"display: flex; margin: 1rem;\"><p class=\"contribution_table_title\">Cat\u00e9gorie de produit<\/p><p class=\"contribution_table_title\">Produit<\/p><p class=\"contribution_table_title\">Codes CN (applicables au 01-01-2002)<\/p><\/span>\n                <ul class=\"column_margin_right grid-columns\" style=\"width: auto; margin: 0; padding: 0; margin: 2%;\">\n                                            <li>\n                            <h4 class=\"contribution_list_h4\">Cat\u00e9gorie de produit<\/h4>\n                            <p class=\"contribution_list_paragraph\">cat I<\/p>\n                            <h4 class=\"contribution_list_h4\">Produit<\/h4>\n                            <p class=\"contribution_list_paragraph\">Essences et diesel<\/p>\n                            <h4 class=\"contribution_list_h4\">Codes CN (applicables au 01-01-2002)<\/h4>\n                            <p class=\"contribution_list_paragraph\">2710 11 31, 2710 11 51, 2710 11 59, 2710 11 49, 2710 11 41, 2710 11 45<\/p>\n                        <\/li>\n                                            <li>\n                            <h4 class=\"contribution_list_h4\">Cat\u00e9gorie de produit<\/h4>\n                            <p class=\"contribution_list_paragraph\">cat II<\/p>\n                            <h4 class=\"contribution_list_h4\">Produit<\/h4>\n                            <p class=\"contribution_list_paragraph\">K\u00e9ros\u00e8ne<\/p>\n                            <h4 class=\"contribution_list_h4\">Codes CN (applicables au 01-01-2002)<\/h4>\n                            <p class=\"contribution_list_paragraph\">2710 19 21, 2710 19 25<\/p>\n                        <\/li>\n                                            <li>\n                            <h4 class=\"contribution_list_h4\">Cat\u00e9gorie de produit<\/h4>\n                            <p class=\"contribution_list_paragraph\"><\/p>\n                            <h4 class=\"contribution_list_h4\">Produit<\/h4>\n                            <p class=\"contribution_list_paragraph\">Mazout<\/p>\n                            <h4 class=\"contribution_list_h4\">Codes CN (applicables au 01-01-2002)<\/h4>\n                            <p class=\"contribution_list_paragraph\">2710 19 41, 2710 19 45, 2710 19 49<\/p>\n                        <\/li>\n                                            <li>\n                            <h4 class=\"contribution_list_h4\">Cat\u00e9gorie de produit<\/h4>\n                            <p class=\"contribution_list_paragraph\">cat III<\/p>\n                            <h4 class=\"contribution_list_h4\">Produit<\/h4>\n                            <p class=\"contribution_list_paragraph\">fioul lourd<\/p>\n                            <h4 class=\"contribution_list_h4\">Codes CN (applicables au 01-01-2002)<\/h4>\n                            <p class=\"contribution_list_paragraph\">2710 19 61 jusque 2710 19 69<\/p>\n                        <\/li>\n                                    <\/ul>\n            <\/div>\n        <\/div>\n        <p class=\"bijdrage-info\"><\/p>\n    <\/div>\n<\/div>\n\n<div class=\"container \" id=\"paragraph-block-block_1720e3f0f005b0d45d47deecbd6ba3c4\">\n    <p><p>Vue d&rsquo;ensemble des codes CN plus r\u00e9cents et pour lesquels la contribution ASEVA est due :<\/p>\n<\/p>\n<\/div>\n\n<div class=\"container \" id=\"aseva-block-documents-block_a8557bc970d4c5e842b90710f1c5b96a\">\n    <h3 class=\"small_margin\"><\/h3>\n    <div class=\"row\">\n                <div class=\"card card-shadow\">\n            <div class=\"card-header\">\n                <h4 class=\"h4_doc_cards\">Tableau de conversion des codes CN 2002 en codes CN plus r\u00e9cents 2025 (texte fran\u00e7ais)<\/h4>\n                <hr>\n            <\/div>\n            <div class=\"card-body\">\n                <p><\/p>\n                <a href=\"https:\/\/aseva.be\/wp-content\/uploads\/2025\/01\/Conversietabel-GN-codes-2025-FR.pdf\" class=\"btn btn2\" target=\"_blank\">T\u00e9l\u00e9charger<\/a>\n            <\/div>\n        <\/div>\n            <\/div>\n<\/div>\n\n<div class=\"container \" id=\"heading-block-block_57a94c32681858ac2d1273d051510aa2\">\n    <h2>Qui paie quoi et comment ?<\/h2>\n<\/div>\n\n<div class=\"container \" id=\"paragraph-block-block_3e312f6182468fe39509b6dddf5ae678\">\n    <p><p>La contribution d&rsquo;ASEVA est pay\u00e9e par les entreprises qui mettent les produits p\u00e9troliers susmentionn\u00e9s en consommation en Belgique ou qui les livre \u00e0 l&rsquo;aviation internationale.<\/p>\n<p>Le paiement se fait \u00e0 l&rsquo;initiative de cette soci\u00e9t\u00e9 au moyen des communications structur\u00e9es fournies par ASEVA sur simple demande (admin@aseva.be ou 0032 2 289 50 57).<\/p>\n<p>ASEVA d\u00e9livre, apr\u00e8s r\u00e9ception du paiement, une preuve de paiement<\/p>\n<\/p>\n<\/div>\n\n<div class=\"container \" id=\"aseva-block-documents-block_89743e47ea2c5118908bdf03432c92af\">\n    <h3 class=\"small_margin\"><\/h3>\n    <div class=\"row\">\n                <div class=\"card card-shadow\">\n            <div class=\"card-header\">\n                <h4 class=\"h4_doc_cards\">Instructions de paiement (en fran\u00e7ais) et calendrier de paiement 2026<\/h4>\n                <hr>\n            <\/div>\n            <div class=\"card-body\">\n                <p><\/p>\n                <a href=\"https:\/\/aseva.be\/wp-content\/uploads\/2025\/12\/Procedure-de-paiement-et-de-quittance-de-la-contribution-2026-ASEVA-1.pdf\" class=\"btn btn2\" target=\"_blank\">T\u00e9l\u00e9charger<\/a>\n            <\/div>\n        <\/div>\n            <\/div>\n<\/div>","protected":false},"excerpt":{"rendered":"","protected":false},"author":2,"featured_media":0,"parent":7317,"menu_order":1,"comment_status":"closed","ping_status":"closed","template":"","meta":{"_acf_changed":false,"footnotes":""},"class_list":["post-7323","page","type-page","status-publish","hentry"],"acf":[],"_links":{"self":[{"href":"https:\/\/aseva.be\/fr\/wp-json\/wp\/v2\/pages\/7323","targetHints":{"allow":["GET"]}}],"collection":[{"href":"https:\/\/aseva.be\/fr\/wp-json\/wp\/v2\/pages"}],"about":[{"href":"https:\/\/aseva.be\/fr\/wp-json\/wp\/v2\/types\/page"}],"author":[{"embeddable":true,"href":"https:\/\/aseva.be\/fr\/wp-json\/wp\/v2\/users\/2"}],"replies":[{"embeddable":true,"href":"https:\/\/aseva.be\/fr\/wp-json\/wp\/v2\/comments?post=7323"}],"version-history":[{"count":27,"href":"https:\/\/aseva.be\/fr\/wp-json\/wp\/v2\/pages\/7323\/revisions"}],"predecessor-version":[{"id":8860,"href":"https:\/\/aseva.be\/fr\/wp-json\/wp\/v2\/pages\/7323\/revisions\/8860"}],"up":[{"embeddable":true,"href":"https:\/\/aseva.be\/fr\/wp-json\/wp\/v2\/pages\/7317"}],"wp:attachment":[{"href":"https:\/\/aseva.be\/fr\/wp-json\/wp\/v2\/media?parent=7323"}],"curies":[{"name":"wp","href":"https:\/\/api.w.org\/{rel}","templated":true}]}}