{"id":7301,"date":"2023-12-13T16:15:46","date_gmt":"2023-12-13T16:15:46","guid":{"rendered":"https:\/\/aseva.be\/documents\/remplacement-de-produit\/"},"modified":"2024-02-09T13:57:43","modified_gmt":"2024-02-09T13:57:43","slug":"remplacement-de-produit","status":"publish","type":"page","link":"https:\/\/aseva.be\/fr\/documents\/remplacement-de-produit\/","title":{"rendered":"Remplacement de produit"},"content":{"rendered":"<div class=\"container \" id=\"aseva-block-documents-block_4270a22f49413ec3e5ece8cf0b046b92\">\n    <h3 class=\"small_margin\">Termes contractuels<\/h3>\n    <div class=\"row\">\n                <div class=\"card card-shadow\">\n            <div class=\"card-header\">\n                <h4 class=\"h4_doc_cards\">Le cahier des charges PRA<\/h4>\n                <hr>\n            <\/div>\n            <div class=\"card-body\">\n                <p>Tous les informations concernant l&rsquo;accord-cadre Remplacement de Produits<\/p>\n                <a href=\"https:\/\/aseva.be\/wp-content\/uploads\/2023\/12\/Accord-cadre-PRA-Aseva.pdf\" class=\"btn btn2\" target=\"_blank\">T\u00e9l\u00e9charger<\/a>\n            <\/div>\n        <\/div>\n                <div class=\"card card-shadow\">\n            <div class=\"card-header\">\n                <h4 class=\"h4_doc_cards\">Shortliste PRA<\/h4>\n                <hr>\n            <\/div>\n            <div class=\"card-body\">\n                <p>La liste des partenaires pour le replacement de produits. <\/p>\n                <a href=\"https:\/\/aseva.be\/wp-content\/uploads\/2023\/12\/Shortlist-12032024-aseva.pdf\" class=\"btn btn2\" target=\"_blank\">T\u00e9l\u00e9charger<\/a>\n            <\/div>\n        <\/div>\n            <\/div>\n<\/div>\n\n<div class=\"container \" id=\"aseva-block-documents-block_92042b5731076b7c5357814da9345f30\">\n    <h3 class=\"small_margin\">Documents pour dossier de candidature<\/h3>\n    <div class=\"row\">\n                <div class=\"card card-shadow\">\n            <div class=\"card-header\">\n                <h4 class=\"h4_doc_cards\">Lettre de candidature<\/h4>\n                <hr>\n            <\/div>\n            <div class=\"card-body\">\n                <p>La lettre de candidature \u00e0 remplir et signer<\/p>\n                <a href=\"https:\/\/aseva.be\/wp-content\/uploads\/2023\/12\/Letrre-de-candidature-PRA-aseva.docx\" class=\"btn btn2\" target=\"_blank\">T\u00e9l\u00e9charger<\/a>\n            <\/div>\n        <\/div>\n                <div class=\"card card-shadow\">\n            <div class=\"card-header\">\n                <h4 class=\"h4_doc_cards\">Contrat-cadre PRA<\/h4>\n                <hr>\n            <\/div>\n            <div class=\"card-body\">\n                <p>Le contrat-cadre PRA \u00e0 compl\u00e9ter et \u00e0 signer.<\/p>\n                <a href=\"https:\/\/aseva.be\/wp-content\/uploads\/2023\/12\/Contrat-cadre-PRA-Aseva.pdf\" class=\"btn btn2\" target=\"_blank\">T\u00e9l\u00e9charger<\/a>\n            <\/div>\n        <\/div>\n            <\/div>\n<\/div>","protected":false},"excerpt":{"rendered":"","protected":false},"author":2,"featured_media":0,"parent":7293,"menu_order":0,"comment_status":"closed","ping_status":"closed","template":"","meta":{"_acf_changed":false,"footnotes":""},"class_list":["post-7301","page","type-page","status-publish","hentry"],"acf":[],"_links":{"self":[{"href":"https:\/\/aseva.be\/fr\/wp-json\/wp\/v2\/pages\/7301","targetHints":{"allow":["GET"]}}],"collection":[{"href":"https:\/\/aseva.be\/fr\/wp-json\/wp\/v2\/pages"}],"about":[{"href":"https:\/\/aseva.be\/fr\/wp-json\/wp\/v2\/types\/page"}],"author":[{"embeddable":true,"href":"https:\/\/aseva.be\/fr\/wp-json\/wp\/v2\/users\/2"}],"replies":[{"embeddable":true,"href":"https:\/\/aseva.be\/fr\/wp-json\/wp\/v2\/comments?post=7301"}],"version-history":[{"count":8,"href":"https:\/\/aseva.be\/fr\/wp-json\/wp\/v2\/pages\/7301\/revisions"}],"predecessor-version":[{"id":7460,"href":"https:\/\/aseva.be\/fr\/wp-json\/wp\/v2\/pages\/7301\/revisions\/7460"}],"up":[{"embeddable":true,"href":"https:\/\/aseva.be\/fr\/wp-json\/wp\/v2\/pages\/7293"}],"wp:attachment":[{"href":"https:\/\/aseva.be\/fr\/wp-json\/wp\/v2\/media?parent=7301"}],"curies":[{"name":"wp","href":"https:\/\/api.w.org\/{rel}","templated":true}]}}