{"id":7243,"date":"2023-12-21T09:13:10","date_gmt":"2023-12-21T09:13:10","guid":{"rendered":"https:\/\/aseva.be\/tickets\/"},"modified":"2024-02-09T14:16:06","modified_gmt":"2024-02-09T14:16:06","slug":"tickets","status":"publish","type":"page","link":"https:\/\/aseva.be\/fr\/partenaires-operationnels\/tickets\/","title":{"rendered":"Tickets"},"content":{"rendered":"<div class=\"container \" id=\"heading-block-block_6d31c0befd2f9a65c640e108c700fa1a\">\n    <h2>Tickets<\/h2>\n<\/div><div class=\"container \" id=\"paragraph-block-block_28fabf88158008ee858d9a191f9e918d\">\n    <p><div class=\"field-intro field\">\n<div class=\"content\">\n<p>Les tickets sont des droits de disposition sur les stocks de p\u00e9trole brut et de produits p\u00e9troliers finis. Ces tickets permettent \u00e0 ASEVA, en cas de crise d&rsquo;approvisionnement end\u00e9ans la dur\u00e9e du contrat, un droit d&rsquo;achat sur les produits p\u00e9troliers finis.<\/p>\n<p>Pour l&rsquo;achat des tickets, ASEVA travaille avec des accords-cadres. Ces contrats fixe le cadre g\u00e9n\u00e9ral de la collaboration entre l&rsquo;agence ASEVA et les compagnies p\u00e9troli\u00e8res int\u00e9ress\u00e9es et comportant l&rsquo;accord-cadre avec toutes les clauses contractuelles.<\/p>\n<p>Votre entreprise souhaite-t-elle vendre des tickets \u00e0 ASEVA ? Introduisez alors votre dossier de candidature. Vous trouverez ci-dessous les documents n\u00e9cessaires.<\/p>\n<\/div>\n<\/div>\n<\/p>\n<\/div><div class=\"container \" id=\"heading-block-block_cc1116124833e7cb159833ee923999e2\">\n    <h2>Documents pour les tickets<\/h2>\n<\/div><div class=\"container \" id=\"aseva-block-documents-block_3652ce21bbb1dd4407e573efbad97109\">\n    <h3 class=\"small_margin\">Dispositions contractueles<\/h3>\n    <div class=\"row\">\n                <div class=\"card card-shadow\">\n            <div class=\"card-header\">\n                <h4 class=\"h4_doc_cards\">Cahier des charges Tickets<\/h4>\n                <hr>\n            <\/div>\n            <div class=\"card-body\">\n                <p>Le cahier de charges APETRA\/2022\/2 complet concernant les droits de disposition, y compris les annexes. <\/p>\n                <a href=\"https:\/\/aseva.be\/wp-content\/uploads\/2023\/12\/Accord-cadre-Tickets-Aseva.pdf\" class=\"btn btn2\" target=\"_blank\">T\u00e9l\u00e9charger<\/a>\n            <\/div>\n        <\/div>\n                <div class=\"card card-shadow\">\n            <div class=\"card-header\">\n                <h4 class=\"h4_doc_cards\">Shortliste tickets<\/h4>\n                <hr>\n            <\/div>\n            <div class=\"card-body\">\n                <p>La liste des vendeurs de tickets s\u00e9lectionn\u00e9s pour l&rsquo;accord-cadre APETRA\/2022\/2. <\/p>\n                <a href=\"https:\/\/aseva.be\/wp-content\/uploads\/2024\/03\/Shortlist-12032024-aseva.pdf\" class=\"btn btn2\" target=\"_blank\">T\u00e9l\u00e9charger<\/a>\n            <\/div>\n        <\/div>\n            <\/div>\n<\/div><div class=\"container \" id=\"aseva-block-documents-block_4d5db11b7aaecac751d76309401bea29\">\n    <h3 class=\"small_margin\">Documents pour dossier de candidature<\/h3>\n    <div class=\"row\">\n                <div class=\"card card-shadow\">\n            <div class=\"card-header\">\n                <h4 class=\"h4_doc_cards\">La lettre de candidature<\/h4>\n                <hr>\n            <\/div>\n            <div class=\"card-body\">\n                <p>La lettre de candidature \u00e0 remplir et signer<\/p>\n                <a href=\"https:\/\/aseva.be\/wp-content\/uploads\/2023\/12\/Lettre-candidature-accord-cadre-tickets-Aseva.docx\" class=\"btn btn2\" target=\"_blank\">T\u00e9l\u00e9charger<\/a>\n            <\/div>\n        <\/div>\n                <div class=\"card card-shadow\">\n            <div class=\"card-header\">\n                <h4 class=\"h4_doc_cards\">Contrat-cadre tickets<\/h4>\n                <hr>\n            <\/div>\n            <div class=\"card-body\">\n                <p>Le contrat-cadre tickets \u00e0 remplir et signer<\/p>\n                <a href=\"https:\/\/aseva.be\/wp-content\/uploads\/2023\/12\/Contrat-Cadre-tickets-Aseva.pdf\" class=\"btn btn2\" target=\"_blank\">T\u00e9l\u00e9charger<\/a>\n            <\/div>\n        <\/div>\n            <\/div>\n<\/div><div class=\"container \" id=\"aseva-block-documents-block_fe2b1e1947ef53fa60c8e69ddf651ea4\">\n    <h3 class=\"small_margin\">Documents pour contrats de tickets<\/h3>\n    <div class=\"row\">\n                <div class=\"card card-shadow\">\n            <div class=\"card-header\">\n                <h4 class=\"h4_doc_cards\">Frais suppl\u00e9mentaires<\/h4>\n                <hr>\n            <\/div>\n            <div class=\"card-body\">\n                <p>Frais suppl\u00e9mentaires de livraison qui sont imput\u00e9s lors de l&rsquo;enl\u00e8vement.<\/p>\n                <a href=\"https:\/\/aseva.be\/wp-content\/uploads\/2023\/12\/Notification-Couts-additionnels-2024-FR.pdf\" class=\"btn btn2\" target=\"_blank\">T\u00e9l\u00e9charger<\/a>\n            <\/div>\n        <\/div>\n            <\/div>\n<\/div>","protected":false},"excerpt":{"rendered":"","protected":false},"author":2,"featured_media":0,"parent":7267,"menu_order":4,"comment_status":"closed","ping_status":"closed","template":"","meta":{"_acf_changed":false,"footnotes":""},"class_list":["post-7243","page","type-page","status-publish","hentry"],"acf":[],"_links":{"self":[{"href":"https:\/\/aseva.be\/fr\/wp-json\/wp\/v2\/pages\/7243","targetHints":{"allow":["GET"]}}],"collection":[{"href":"https:\/\/aseva.be\/fr\/wp-json\/wp\/v2\/pages"}],"about":[{"href":"https:\/\/aseva.be\/fr\/wp-json\/wp\/v2\/types\/page"}],"author":[{"embeddable":true,"href":"https:\/\/aseva.be\/fr\/wp-json\/wp\/v2\/users\/2"}],"replies":[{"embeddable":true,"href":"https:\/\/aseva.be\/fr\/wp-json\/wp\/v2\/comments?post=7243"}],"version-history":[{"count":13,"href":"https:\/\/aseva.be\/fr\/wp-json\/wp\/v2\/pages\/7243\/revisions"}],"predecessor-version":[{"id":7468,"href":"https:\/\/aseva.be\/fr\/wp-json\/wp\/v2\/pages\/7243\/revisions\/7468"}],"up":[{"embeddable":true,"href":"https:\/\/aseva.be\/fr\/wp-json\/wp\/v2\/pages\/7267"}],"wp:attachment":[{"href":"https:\/\/aseva.be\/fr\/wp-json\/wp\/v2\/media?parent=7243"}],"curies":[{"name":"wp","href":"https:\/\/api.w.org\/{rel}","templated":true}]}}