{"id":7019,"date":"2023-12-13T21:51:05","date_gmt":"2023-12-13T21:51:05","guid":{"rendered":"https:\/\/aseva.be\/international-legsilation\/"},"modified":"2024-02-29T13:33:36","modified_gmt":"2024-02-29T13:33:36","slug":"international-legsilation","status":"publish","type":"page","link":"https:\/\/aseva.be\/fr\/legislation\/international-legsilation\/","title":{"rendered":"L\u00e9gislation internationale"},"content":{"rendered":"<div class=\"container \" id=\"heading-block-block_4cbfa9a4b675f65490aa934bca1974b1\">\n    <h2>L\u00e9gislation internationale<\/h2>\n<\/div>\n\n<div class=\"container \" id=\"paragraph-block-block_33146f18f081b837d6b46a9cbb707270\">\n    <p><p><a href=\"https:\/\/eur-lex.europa.eu\/legal-content\/FR\/TXT\/PDF\/?uri=CELEX:02009L0119-20200101&amp;from=FR\">La Directive europ\u00e9enne 2009\/119\/EC sur les stocks de s\u00e9curit\u00e9<\/a> (version consolid\u00e9e) du Conseil du 14 septembre 2009 impose aux Etats membres une obligation globale de stockage qui, pour la Belgique, se r\u00e9sume \u00e0 90 jours (1\/4\u00e8me) des importations nettes de tous les produits p\u00e9troliers au cours de l&rsquo;ann\u00e9e pr\u00e9c\u00e9dente.<\/p>\n<p>Au moins un tiers des principaux produits p\u00e9troliers doit \u00eatre maintenu sous forme de produits raffin\u00e9s et 10 % des stocks g\u00e9r\u00e9s sont consid\u00e9r\u00e9s comme non disponibles (\u00ab\u00a0fonds de cuve\u00a0\u00bb).<\/p>\n<p>La Directive pr\u00e9voit \u00e9galement des r\u00e8gles strictes concernant la s\u00e9curit\u00e9 des stocks, leur localisation, leur qualit\u00e9 ainsi que leur contr\u00f4le. Et ce afin de garantir la disponibilit\u00e9 des stocks. Les clauses relatives \u00e0 la gestion des crises obligent les \u00c9tats membres \u00e0 disposer \u00e0 tout moment d&rsquo;un plan de crise dont leur efficacit\u00e9 peut \u00eatre v\u00e9rifi\u00e9e par la Commission Europ\u00e9enne.<\/p>\n<p>L&rsquo;<a href=\"https:\/\/aseva.be\/wp-content\/uploads\/2023\/12\/agreementIEA.pdf\">accord sur un programme \u00e9nerg\u00e9tique international<\/a> de l&rsquo;AIE a \u00e9t\u00e9 sign\u00e9 par 17 pays consommateurs de p\u00e9trole le 18 novembre 1974, c&rsquo;est-\u00e0-dire apr\u00e8s les crises p\u00e9troli\u00e8res du d\u00e9but des ann\u00e9es 70. Il oblige les pays adh\u00e9rents<\/p>\n<ul>\n<li>de d\u00e9tenir des stocks strat\u00e9giques de p\u00e9trole<\/li>\n<li>de pr\u00e9parer des mesures restrictives de la demande<\/li>\n<li>de r\u00e9partir entre eux le p\u00e9trole en cas de crise d&rsquo;approvisionnement<\/li>\n<li>d&rsquo;\u00e9changer des informations sur les march\u00e9s p\u00e9troliers et<\/li>\n<li>de coop\u00e9rer en mati\u00e8re d&rsquo;efficacit\u00e9 \u00e9nerg\u00e9tique.<\/li>\n<\/ul>\n<p>Il contient \u00e9galement les clauses institutionnelles de l<a href=\"https:\/\/www.iea.org\/\">&lsquo;Agence Internationale de l&rsquo;Energie (AIE).<\/a><\/p>\n<\/p>\n<\/div>","protected":false},"excerpt":{"rendered":"","protected":false},"author":2,"featured_media":0,"parent":7445,"menu_order":2,"comment_status":"closed","ping_status":"closed","template":"","meta":{"_acf_changed":false,"footnotes":""},"class_list":["post-7019","page","type-page","status-publish","hentry"],"acf":[],"_links":{"self":[{"href":"https:\/\/aseva.be\/fr\/wp-json\/wp\/v2\/pages\/7019","targetHints":{"allow":["GET"]}}],"collection":[{"href":"https:\/\/aseva.be\/fr\/wp-json\/wp\/v2\/pages"}],"about":[{"href":"https:\/\/aseva.be\/fr\/wp-json\/wp\/v2\/types\/page"}],"author":[{"embeddable":true,"href":"https:\/\/aseva.be\/fr\/wp-json\/wp\/v2\/users\/2"}],"replies":[{"embeddable":true,"href":"https:\/\/aseva.be\/fr\/wp-json\/wp\/v2\/comments?post=7019"}],"version-history":[{"count":12,"href":"https:\/\/aseva.be\/fr\/wp-json\/wp\/v2\/pages\/7019\/revisions"}],"predecessor-version":[{"id":8469,"href":"https:\/\/aseva.be\/fr\/wp-json\/wp\/v2\/pages\/7019\/revisions\/8469"}],"up":[{"embeddable":true,"href":"https:\/\/aseva.be\/fr\/wp-json\/wp\/v2\/pages\/7445"}],"wp:attachment":[{"href":"https:\/\/aseva.be\/fr\/wp-json\/wp\/v2\/media?parent=7019"}],"curies":[{"name":"wp","href":"https:\/\/api.w.org\/{rel}","templated":true}]}}